{"id":1429,"date":"2024-01-11T16:47:25","date_gmt":"2024-01-11T15:47:25","guid":{"rendered":"https:\/\/www.brasseriedelapatinoire.be\/produit\/zelande-0000\/"},"modified":"2024-12-09T11:32:17","modified_gmt":"2024-12-09T10:32:17","slug":"zelande-0000","status":"publish","type":"product","link":"https:\/\/www.brasseriedelapatinoire.be\/en\/produit\/zelande-0000\/","title":{"rendered":"Z\u00e9lande 0000"},"content":{"rendered":"","protected":false},"excerpt":{"rendered":"","protected":false},"featured_media":1064,"comment_status":"closed","ping_status":"closed","template":"","meta":[],"product_brand":[],"product_cat":[50],"product_tag":[],"class_list":{"0":"post-1429","1":"product","2":"type-product","3":"status-publish","4":"has-post-thumbnail","6":"product_cat-cupped-oysters","8":"first","9":"instock","10":"taxable","11":"shipping-taxable","12":"purchasable","13":"product-type-simple"},"yoast_head":"<!-- This site is optimized with the Yoast SEO plugin v27.3 - https:\/\/yoast.com\/product\/yoast-seo-wordpress\/ -->\n<title>Huitre Plate de Z\u00e9lande 0000 \u00e0 Bruxelles - Commandez en Ligne pour une D\u00e9gustation Marine Exceptionnelle - Brasserie de la Patinoire<\/title>\n<meta name=\"description\" content=\"D\u00e9couvrez l&#039;huitre plate de Z\u00e9lande 0000, une exp\u00e9rience gustative unique \u00e0 Bruxelles. Commandez en ligne pour savourer la fra\u00eecheur de ce d\u00e9lice marin dans le confort de votre foyer. Une d\u00e9gustation marine authentique vous attend !\" \/>\n<meta name=\"robots\" content=\"index, follow, max-snippet:-1, max-image-preview:large, max-video-preview:-1\" \/>\n<link rel=\"canonical\" href=\"https:\/\/www.brasseriedelapatinoire.be\/en\/produit\/zelande-0000\/\" \/>\n<meta property=\"og:locale\" content=\"en_US\" \/>\n<meta property=\"og:type\" content=\"article\" \/>\n<meta property=\"og:title\" content=\"Huitre Plate de Z\u00e9lande 0000 \u00e0 Bruxelles - Commandez en Ligne pour une D\u00e9gustation Marine Exceptionnelle - Brasserie de la Patinoire\" \/>\n<meta property=\"og:description\" content=\"D\u00e9couvrez l&#039;huitre plate de Z\u00e9lande 0000, une exp\u00e9rience gustative unique \u00e0 Bruxelles. Commandez en ligne pour savourer la fra\u00eecheur de ce d\u00e9lice marin dans le confort de votre foyer. Une d\u00e9gustation marine authentique vous attend !\" \/>\n<meta property=\"og:url\" content=\"https:\/\/www.brasseriedelapatinoire.be\/en\/produit\/zelande-0000\/\" \/>\n<meta property=\"og:site_name\" content=\"Brasserie de la Patinoire\" \/>\n<meta property=\"article:publisher\" content=\"https:\/\/www.facebook.com\/brasseriedelapatinoire\" \/>\n<meta property=\"article:modified_time\" content=\"2024-12-09T10:32:17+00:00\" \/>\n<meta property=\"og:image\" content=\"https:\/\/www.brasseriedelapatinoire.be\/wp-content\/uploads\/2024\/01\/zelande-0000.jpg\" \/>\n\t<meta property=\"og:image:width\" content=\"500\" \/>\n\t<meta property=\"og:image:height\" content=\"500\" \/>\n\t<meta property=\"og:image:type\" content=\"image\/jpeg\" \/>\n<meta name=\"twitter:card\" content=\"summary_large_image\" \/>\n<meta name=\"twitter:label1\" content=\"Est. reading time\" \/>\n\t<meta name=\"twitter:data1\" content=\"1 minute\" \/>\n<script type=\"application\/ld+json\" class=\"yoast-schema-graph\">{\"@context\":\"https:\\\/\\\/schema.org\",\"@graph\":[{\"@type\":\"WebPage\",\"@id\":\"https:\\\/\\\/www.brasseriedelapatinoire.be\\\/en\\\/produit\\\/zelande-0000\\\/\",\"url\":\"https:\\\/\\\/www.brasseriedelapatinoire.be\\\/en\\\/produit\\\/zelande-0000\\\/\",\"name\":\"Huitre Plate de Z\u00e9lande 0000 \u00e0 Bruxelles - Commandez en Ligne pour une D\u00e9gustation Marine Exceptionnelle - Brasserie de la Patinoire\",\"isPartOf\":{\"@id\":\"https:\\\/\\\/www.brasseriedelapatinoire.be\\\/en\\\/#website\"},\"primaryImageOfPage\":{\"@id\":\"https:\\\/\\\/www.brasseriedelapatinoire.be\\\/en\\\/produit\\\/zelande-0000\\\/#primaryimage\"},\"image\":{\"@id\":\"https:\\\/\\\/www.brasseriedelapatinoire.be\\\/en\\\/produit\\\/zelande-0000\\\/#primaryimage\"},\"thumbnailUrl\":\"https:\\\/\\\/www.brasseriedelapatinoire.be\\\/wp-content\\\/uploads\\\/2024\\\/01\\\/zelande-0000.jpg\",\"datePublished\":\"2024-01-11T15:47:25+00:00\",\"dateModified\":\"2024-12-09T10:32:17+00:00\",\"description\":\"D\u00e9couvrez l'huitre plate de Z\u00e9lande 0000, une exp\u00e9rience gustative unique \u00e0 Bruxelles. Commandez en ligne pour savourer la fra\u00eecheur de ce d\u00e9lice marin dans le confort de votre foyer. Une d\u00e9gustation marine authentique vous attend !\",\"breadcrumb\":{\"@id\":\"https:\\\/\\\/www.brasseriedelapatinoire.be\\\/en\\\/produit\\\/zelande-0000\\\/#breadcrumb\"},\"inLanguage\":\"en-US\",\"potentialAction\":[{\"@type\":\"ReadAction\",\"target\":[\"https:\\\/\\\/www.brasseriedelapatinoire.be\\\/en\\\/produit\\\/zelande-0000\\\/\"]}]},{\"@type\":\"ImageObject\",\"inLanguage\":\"en-US\",\"@id\":\"https:\\\/\\\/www.brasseriedelapatinoire.be\\\/en\\\/produit\\\/zelande-0000\\\/#primaryimage\",\"url\":\"https:\\\/\\\/www.brasseriedelapatinoire.be\\\/wp-content\\\/uploads\\\/2024\\\/01\\\/zelande-0000.jpg\",\"contentUrl\":\"https:\\\/\\\/www.brasseriedelapatinoire.be\\\/wp-content\\\/uploads\\\/2024\\\/01\\\/zelande-0000.jpg\",\"width\":500,\"height\":500},{\"@type\":\"BreadcrumbList\",\"@id\":\"https:\\\/\\\/www.brasseriedelapatinoire.be\\\/en\\\/produit\\\/zelande-0000\\\/#breadcrumb\",\"itemListElement\":[{\"@type\":\"ListItem\",\"position\":1,\"name\":\"Accueil\",\"item\":\"https:\\\/\\\/www.brasseriedelapatinoire.be\\\/en\\\/\"},{\"@type\":\"ListItem\",\"position\":2,\"name\":\"Shop\",\"item\":\"https:\\\/\\\/www.brasseriedelapatinoire.be\\\/boutique\\\/\"},{\"@type\":\"ListItem\",\"position\":3,\"name\":\"Z\u00e9lande 0000\"}]},{\"@type\":\"WebSite\",\"@id\":\"https:\\\/\\\/www.brasseriedelapatinoire.be\\\/en\\\/#website\",\"url\":\"https:\\\/\\\/www.brasseriedelapatinoire.be\\\/en\\\/\",\"name\":\"Brasserie de la Patinoire\",\"description\":\"Restaurant Ecailler - La Brasserie de La Patinoire Bruxelles - Bois de la Cambre\",\"publisher\":{\"@id\":\"https:\\\/\\\/www.brasseriedelapatinoire.be\\\/en\\\/#organization\"},\"potentialAction\":[{\"@type\":\"SearchAction\",\"target\":{\"@type\":\"EntryPoint\",\"urlTemplate\":\"https:\\\/\\\/www.brasseriedelapatinoire.be\\\/en\\\/?s={search_term_string}\"},\"query-input\":{\"@type\":\"PropertyValueSpecification\",\"valueRequired\":true,\"valueName\":\"search_term_string\"}}],\"inLanguage\":\"en-US\"},{\"@type\":\"Organization\",\"@id\":\"https:\\\/\\\/www.brasseriedelapatinoire.be\\\/en\\\/#organization\",\"name\":\"Brasserie de la Patinoire\",\"url\":\"https:\\\/\\\/www.brasseriedelapatinoire.be\\\/en\\\/\",\"logo\":{\"@type\":\"ImageObject\",\"inLanguage\":\"en-US\",\"@id\":\"https:\\\/\\\/www.brasseriedelapatinoire.be\\\/en\\\/#\\\/schema\\\/logo\\\/image\\\/\",\"url\":\"https:\\\/\\\/www.brasseriedelapatinoire.be\\\/wp-content\\\/uploads\\\/2023\\\/12\\\/logo-patinoire.webp\",\"contentUrl\":\"https:\\\/\\\/www.brasseriedelapatinoire.be\\\/wp-content\\\/uploads\\\/2023\\\/12\\\/logo-patinoire.webp\",\"width\":192,\"height\":91,\"caption\":\"Brasserie de la Patinoire\"},\"image\":{\"@id\":\"https:\\\/\\\/www.brasseriedelapatinoire.be\\\/en\\\/#\\\/schema\\\/logo\\\/image\\\/\"},\"sameAs\":[\"https:\\\/\\\/www.facebook.com\\\/brasseriedelapatinoire\",\"https:\\\/\\\/www.instagram.com\\\/labrasseriedelapatinoire\\\/\"]}]}<\/script>\n<!-- \/ Yoast SEO plugin. -->","yoast_head_json":{"title":"Huitre Plate de Z\u00e9lande 0000 \u00e0 Bruxelles - Commandez en Ligne pour une D\u00e9gustation Marine Exceptionnelle - Brasserie de la Patinoire","description":"D\u00e9couvrez l'huitre plate de Z\u00e9lande 0000, une exp\u00e9rience gustative unique \u00e0 Bruxelles. Commandez en ligne pour savourer la fra\u00eecheur de ce d\u00e9lice marin dans le confort de votre foyer. Une d\u00e9gustation marine authentique vous attend !","robots":{"index":"index","follow":"follow","max-snippet":"max-snippet:-1","max-image-preview":"max-image-preview:large","max-video-preview":"max-video-preview:-1"},"canonical":"https:\/\/www.brasseriedelapatinoire.be\/en\/produit\/zelande-0000\/","og_locale":"en_US","og_type":"article","og_title":"Huitre Plate de Z\u00e9lande 0000 \u00e0 Bruxelles - Commandez en Ligne pour une D\u00e9gustation Marine Exceptionnelle - Brasserie de la Patinoire","og_description":"D\u00e9couvrez l'huitre plate de Z\u00e9lande 0000, une exp\u00e9rience gustative unique \u00e0 Bruxelles. Commandez en ligne pour savourer la fra\u00eecheur de ce d\u00e9lice marin dans le confort de votre foyer. Une d\u00e9gustation marine authentique vous attend !","og_url":"https:\/\/www.brasseriedelapatinoire.be\/en\/produit\/zelande-0000\/","og_site_name":"Brasserie de la Patinoire","article_publisher":"https:\/\/www.facebook.com\/brasseriedelapatinoire","article_modified_time":"2024-12-09T10:32:17+00:00","og_image":[{"width":500,"height":500,"url":"https:\/\/www.brasseriedelapatinoire.be\/wp-content\/uploads\/2024\/01\/zelande-0000.jpg","type":"image\/jpeg"}],"twitter_card":"summary_large_image","twitter_misc":{"Est. reading time":"1 minute"},"schema":{"@context":"https:\/\/schema.org","@graph":[{"@type":"WebPage","@id":"https:\/\/www.brasseriedelapatinoire.be\/en\/produit\/zelande-0000\/","url":"https:\/\/www.brasseriedelapatinoire.be\/en\/produit\/zelande-0000\/","name":"Huitre Plate de Z\u00e9lande 0000 \u00e0 Bruxelles - Commandez en Ligne pour une D\u00e9gustation Marine Exceptionnelle - Brasserie de la Patinoire","isPartOf":{"@id":"https:\/\/www.brasseriedelapatinoire.be\/en\/#website"},"primaryImageOfPage":{"@id":"https:\/\/www.brasseriedelapatinoire.be\/en\/produit\/zelande-0000\/#primaryimage"},"image":{"@id":"https:\/\/www.brasseriedelapatinoire.be\/en\/produit\/zelande-0000\/#primaryimage"},"thumbnailUrl":"https:\/\/www.brasseriedelapatinoire.be\/wp-content\/uploads\/2024\/01\/zelande-0000.jpg","datePublished":"2024-01-11T15:47:25+00:00","dateModified":"2024-12-09T10:32:17+00:00","description":"D\u00e9couvrez l'huitre plate de Z\u00e9lande 0000, une exp\u00e9rience gustative unique \u00e0 Bruxelles. Commandez en ligne pour savourer la fra\u00eecheur de ce d\u00e9lice marin dans le confort de votre foyer. Une d\u00e9gustation marine authentique vous attend !","breadcrumb":{"@id":"https:\/\/www.brasseriedelapatinoire.be\/en\/produit\/zelande-0000\/#breadcrumb"},"inLanguage":"en-US","potentialAction":[{"@type":"ReadAction","target":["https:\/\/www.brasseriedelapatinoire.be\/en\/produit\/zelande-0000\/"]}]},{"@type":"ImageObject","inLanguage":"en-US","@id":"https:\/\/www.brasseriedelapatinoire.be\/en\/produit\/zelande-0000\/#primaryimage","url":"https:\/\/www.brasseriedelapatinoire.be\/wp-content\/uploads\/2024\/01\/zelande-0000.jpg","contentUrl":"https:\/\/www.brasseriedelapatinoire.be\/wp-content\/uploads\/2024\/01\/zelande-0000.jpg","width":500,"height":500},{"@type":"BreadcrumbList","@id":"https:\/\/www.brasseriedelapatinoire.be\/en\/produit\/zelande-0000\/#breadcrumb","itemListElement":[{"@type":"ListItem","position":1,"name":"Accueil","item":"https:\/\/www.brasseriedelapatinoire.be\/en\/"},{"@type":"ListItem","position":2,"name":"Shop","item":"https:\/\/www.brasseriedelapatinoire.be\/boutique\/"},{"@type":"ListItem","position":3,"name":"Z\u00e9lande 0000"}]},{"@type":"WebSite","@id":"https:\/\/www.brasseriedelapatinoire.be\/en\/#website","url":"https:\/\/www.brasseriedelapatinoire.be\/en\/","name":"Brasserie de la Patinoire","description":"Restaurant Ecailler - La Brasserie de La Patinoire Bruxelles - Bois de la Cambre","publisher":{"@id":"https:\/\/www.brasseriedelapatinoire.be\/en\/#organization"},"potentialAction":[{"@type":"SearchAction","target":{"@type":"EntryPoint","urlTemplate":"https:\/\/www.brasseriedelapatinoire.be\/en\/?s={search_term_string}"},"query-input":{"@type":"PropertyValueSpecification","valueRequired":true,"valueName":"search_term_string"}}],"inLanguage":"en-US"},{"@type":"Organization","@id":"https:\/\/www.brasseriedelapatinoire.be\/en\/#organization","name":"Brasserie de la Patinoire","url":"https:\/\/www.brasseriedelapatinoire.be\/en\/","logo":{"@type":"ImageObject","inLanguage":"en-US","@id":"https:\/\/www.brasseriedelapatinoire.be\/en\/#\/schema\/logo\/image\/","url":"https:\/\/www.brasseriedelapatinoire.be\/wp-content\/uploads\/2023\/12\/logo-patinoire.webp","contentUrl":"https:\/\/www.brasseriedelapatinoire.be\/wp-content\/uploads\/2023\/12\/logo-patinoire.webp","width":192,"height":91,"caption":"Brasserie de la Patinoire"},"image":{"@id":"https:\/\/www.brasseriedelapatinoire.be\/en\/#\/schema\/logo\/image\/"},"sameAs":["https:\/\/www.facebook.com\/brasseriedelapatinoire","https:\/\/www.instagram.com\/labrasseriedelapatinoire\/"]}]}},"_links":{"self":[{"href":"https:\/\/www.brasseriedelapatinoire.be\/en\/wp-json\/wp\/v2\/product\/1429","targetHints":{"allow":["GET"]}}],"collection":[{"href":"https:\/\/www.brasseriedelapatinoire.be\/en\/wp-json\/wp\/v2\/product"}],"about":[{"href":"https:\/\/www.brasseriedelapatinoire.be\/en\/wp-json\/wp\/v2\/types\/product"}],"replies":[{"embeddable":true,"href":"https:\/\/www.brasseriedelapatinoire.be\/en\/wp-json\/wp\/v2\/comments?post=1429"}],"wp:featuredmedia":[{"embeddable":true,"href":"https:\/\/www.brasseriedelapatinoire.be\/en\/wp-json\/wp\/v2\/media\/1064"}],"wp:attachment":[{"href":"https:\/\/www.brasseriedelapatinoire.be\/en\/wp-json\/wp\/v2\/media?parent=1429"}],"wp:term":[{"taxonomy":"product_brand","embeddable":true,"href":"https:\/\/www.brasseriedelapatinoire.be\/en\/wp-json\/wp\/v2\/product_brand?post=1429"},{"taxonomy":"product_cat","embeddable":true,"href":"https:\/\/www.brasseriedelapatinoire.be\/en\/wp-json\/wp\/v2\/product_cat?post=1429"},{"taxonomy":"product_tag","embeddable":true,"href":"https:\/\/www.brasseriedelapatinoire.be\/en\/wp-json\/wp\/v2\/product_tag?post=1429"}],"curies":[{"name":"wp","href":"https:\/\/api.w.org\/{rel}","templated":true}]}}